{"id":510,"date":"2026-03-18T09:22:08","date_gmt":"2026-03-18T13:22:08","guid":{"rendered":"https:\/\/xpcanada.com\/?page_id=510"},"modified":"2026-03-19T16:03:41","modified_gmt":"2026-03-19T20:03:41","slug":"operations","status":"publish","type":"page","link":"https:\/\/xpcanada.com\/en\/operations\/","title":{"rendered":"Operations"},"content":{"rendered":"<style>.elementor-510 .elementor-element.elementor-element-17292329{--display:flex;--flex-direction:row;--container-widget-width:initial;--container-widget-height:100%;--container-widget-flex-grow:1;--container-widget-align-self:stretch;--flex-wrap-mobile:wrap;--gap:0px 0px;--row-gap:0px;--column-gap:0px;--overlay-opacity:0.1;--padding-top:117px;--padding-bottom:120px;--padding-left:20px;--padding-right:20px;}.elementor-510 .elementor-element.elementor-element-17292329:not(.elementor-motion-effects-element-type-background), .elementor-510 .elementor-element.elementor-element-17292329 > .elementor-motion-effects-container > .elementor-motion-effects-layer{background-color:var( --e-global-color-273a6d8 );}.elementor-510 .elementor-element.elementor-element-17292329::before, .elementor-510 .elementor-element.elementor-element-17292329 > .elementor-background-video-container::before, .elementor-510 .elementor-element.elementor-element-17292329 > .e-con-inner > .elementor-background-video-container::before, .elementor-510 .elementor-element.elementor-element-17292329 > .elementor-background-slideshow::before, .elementor-510 .elementor-element.elementor-element-17292329 > .e-con-inner > .elementor-background-slideshow::before, .elementor-510 .elementor-element.elementor-element-17292329 > .elementor-motion-effects-container > .elementor-motion-effects-layer::before{--background-overlay:'';background-image:url(\"https:\/\/xpcanada.com\/wp-content\/uploads\/2026\/03\/cement-plant-with-high-factory-structure-and-tower-N7J96QC.jpg\");background-position:bottom center;background-repeat:no-repeat;background-size:cover;}.elementor-510 .elementor-element.elementor-element-17292329::before{filter:brightness( 90% ) contrast( 145% ) saturate( 0% ) blur( 0px ) hue-rotate( 0deg );}.elementor-510 .elementor-element.elementor-element-295fccb6{--display:flex;--position:absolute;top:0px;}.elementor-510 .elementor-element.elementor-element-295fccb6:not(.elementor-motion-effects-element-type-background), .elementor-510 .elementor-element.elementor-element-295fccb6 > .elementor-motion-effects-container > .elementor-motion-effects-layer{background-color:transparent;background-image:linear-gradient(180deg, var( --e-global-color-273a6d8 ) 0%, var( --e-global-color-4749c90 ) 100%);}body:not(.rtl) .elementor-510 .elementor-element.elementor-element-295fccb6{left:0px;}body.rtl .elementor-510 .elementor-element.elementor-element-295fccb6{right:0px;}.elementor-510 .elementor-element.elementor-element-323940fa{--spacer-size:50px;}.elementor-510 .elementor-element.elementor-element-4b3291b5{--display:flex;}.elementor-510 .elementor-element.elementor-element-9a587a3{--display:flex;--flex-direction:column;--container-widget-width:100%;--container-widget-height:initial;--container-widget-flex-grow:0;--container-widget-align-self:initial;--flex-wrap-mobile:wrap;--gap:50px 80px;--row-gap:50px;--column-gap:80px;--padding-top:120px;--padding-bottom:120px;--padding-left:20px;--padding-right:20px;}.elementor-510 .elementor-element.elementor-element-661fd7fc{--display:flex;}.elementor-510 .elementor-element.elementor-element-661fd7fc.e-con{--align-self:center;}.elementor-510 .elementor-element.elementor-element-27c8e3ea .elementor-icon-list-icon i{color:var( --e-global-color-273a6d8 );transition:color 0.3s;}.elementor-510 .elementor-element.elementor-element-27c8e3ea .elementor-icon-list-icon svg{fill:var( --e-global-color-273a6d8 );transition:fill 0.3s;}.elementor-510 .elementor-element.elementor-element-27c8e3ea{--e-icon-list-icon-size:20px;--icon-vertical-offset:0px;}.elementor-510 .elementor-element.elementor-element-27c8e3ea .elementor-icon-list-icon{padding-inline-end:5px;}.elementor-510 .elementor-element.elementor-element-27c8e3ea .elementor-icon-list-item > .elementor-icon-list-text, .elementor-510 .elementor-element.elementor-element-27c8e3ea .elementor-icon-list-item > a{font-family:var( --e-global-typography-cb9a934-font-family ), Sans-serif;font-size:var( --e-global-typography-cb9a934-font-size );font-weight:var( --e-global-typography-cb9a934-font-weight );line-height:var( --e-global-typography-cb9a934-line-height );letter-spacing:var( --e-global-typography-cb9a934-letter-spacing );word-spacing:var( --e-global-typography-cb9a934-word-spacing );}.elementor-510 .elementor-element.elementor-element-27c8e3ea .elementor-icon-list-text{color:var( --e-global-color-primary );transition:color 0.3s;}.elementor-510 .elementor-element.elementor-element-3ba72d2{text-align:center;}.elementor-510 .elementor-element.elementor-element-3ba72d2 .elementor-heading-title{font-family:var( --e-global-typography-ff42364-font-family ), Sans-serif;font-size:var( --e-global-typography-ff42364-font-size );font-weight:var( --e-global-typography-ff42364-font-weight );line-height:var( --e-global-typography-ff42364-line-height );letter-spacing:var( --e-global-typography-ff42364-letter-spacing );word-spacing:var( --e-global-typography-ff42364-word-spacing );color:var( --e-global-color-primary );}.elementor-510 .elementor-element.elementor-element-3a59ff01{--display:flex;--flex-direction:row;--container-widget-width:initial;--container-widget-height:100%;--container-widget-flex-grow:1;--container-widget-align-self:stretch;--flex-wrap-mobile:wrap;}.elementor-510 .elementor-element.elementor-element-9af6d74{--display:flex;--gap:60px 60px;--row-gap:60px;--column-gap:60px;border-style:solid;--border-style:solid;border-width:1px 1px 1px 1px;--border-top-width:1px;--border-right-width:1px;--border-bottom-width:1px;--border-left-width:1px;border-color:var( --e-global-color-273a6d8 );--border-color:var( --e-global-color-273a6d8 );--border-radius:20px 20px 20px 20px;--padding-top:40px;--padding-bottom:40px;--padding-left:40px;--padding-right:40px;}.elementor-510 .elementor-element.elementor-element-9af6d74:not(.elementor-motion-effects-element-type-background), .elementor-510 .elementor-element.elementor-element-9af6d74 > .elementor-motion-effects-container > .elementor-motion-effects-layer{background-color:var( --e-global-color-273a6d8 );}.elementor-510 .elementor-element.elementor-element-8b487f0{--display:flex;--gap:15px 15px;--row-gap:15px;--column-gap:15px;}.elementor-510 .elementor-element.elementor-element-1ae1e55 .elementor-icon-wrapper{text-align:start;}.elementor-510 .elementor-element.elementor-element-1ae1e55.elementor-view-stacked .elementor-icon{background-color:var( --e-global-color-accent );}.elementor-510 .elementor-element.elementor-element-1ae1e55.elementor-view-framed .elementor-icon, .elementor-510 .elementor-element.elementor-element-1ae1e55.elementor-view-default .elementor-icon{color:var( --e-global-color-accent );border-color:var( --e-global-color-accent );}.elementor-510 .elementor-element.elementor-element-1ae1e55.elementor-view-framed .elementor-icon, .elementor-510 .elementor-element.elementor-element-1ae1e55.elementor-view-default .elementor-icon svg{fill:var( --e-global-color-accent );}.elementor-510 .elementor-element.elementor-element-17e06306 .elementor-heading-title{color:var( --e-global-color-984b717 );}.elementor-510 .elementor-element.elementor-element-8ab0fbf{color:var( --e-global-color-016555f );}.elementor-510 .elementor-element.elementor-element-1e1a66c3{--display:flex;--gap:60px 60px;--row-gap:60px;--column-gap:60px;border-style:solid;--border-style:solid;border-width:1px 1px 1px 1px;--border-top-width:1px;--border-right-width:1px;--border-bottom-width:1px;--border-left-width:1px;border-color:var( --e-global-color-016555f );--border-color:var( --e-global-color-016555f );--border-radius:20px 20px 20px 20px;--padding-top:40px;--padding-bottom:40px;--padding-left:40px;--padding-right:40px;}.elementor-510 .elementor-element.elementor-element-1e1a66c3:not(.elementor-motion-effects-element-type-background), .elementor-510 .elementor-element.elementor-element-1e1a66c3 > .elementor-motion-effects-container > .elementor-motion-effects-layer{background-color:var( --e-global-color-016555f );}.elementor-510 .elementor-element.elementor-element-502bfe22{--display:flex;--gap:15px 15px;--row-gap:15px;--column-gap:15px;}.elementor-510 .elementor-element.elementor-element-3d1f28e .elementor-icon-wrapper{text-align:start;}.elementor-510 .elementor-element.elementor-element-3d1f28e.elementor-view-stacked .elementor-icon{background-color:var( --e-global-color-273a6d8 );}.elementor-510 .elementor-element.elementor-element-3d1f28e.elementor-view-framed .elementor-icon, .elementor-510 .elementor-element.elementor-element-3d1f28e.elementor-view-default .elementor-icon{color:var( --e-global-color-273a6d8 );border-color:var( --e-global-color-273a6d8 );}.elementor-510 .elementor-element.elementor-element-3d1f28e.elementor-view-framed .elementor-icon, .elementor-510 .elementor-element.elementor-element-3d1f28e.elementor-view-default .elementor-icon svg{fill:var( --e-global-color-273a6d8 );}.elementor-510 .elementor-element.elementor-element-501a919f .elementor-heading-title{font-family:\"Inter\", Sans-serif;font-size:28px;font-weight:600;line-height:1.3em;color:var( --e-global-color-primary );}.elementor-510 .elementor-element.elementor-element-74ba3292{color:var( --e-global-color-primary );}.elementor-510 .elementor-element.elementor-element-7975a4c3{--display:flex;--gap:60px 60px;--row-gap:60px;--column-gap:60px;border-style:solid;--border-style:solid;border-width:1px 1px 1px 1px;--border-top-width:1px;--border-right-width:1px;--border-bottom-width:1px;--border-left-width:1px;border-color:var( --e-global-color-016555f );--border-color:var( --e-global-color-016555f );--border-radius:20px 20px 20px 20px;--padding-top:40px;--padding-bottom:40px;--padding-left:40px;--padding-right:40px;}.elementor-510 .elementor-element.elementor-element-307619b3{--display:flex;--gap:15px 15px;--row-gap:15px;--column-gap:15px;}.elementor-510 .elementor-element.elementor-element-005b1aa .elementor-icon-wrapper{text-align:start;}.elementor-510 .elementor-element.elementor-element-005b1aa.elementor-view-stacked .elementor-icon{background-color:var( --e-global-color-273a6d8 );}.elementor-510 .elementor-element.elementor-element-005b1aa.elementor-view-framed .elementor-icon, .elementor-510 .elementor-element.elementor-element-005b1aa.elementor-view-default .elementor-icon{color:var( --e-global-color-273a6d8 );border-color:var( --e-global-color-273a6d8 );}.elementor-510 .elementor-element.elementor-element-005b1aa.elementor-view-framed .elementor-icon, .elementor-510 .elementor-element.elementor-element-005b1aa.elementor-view-default .elementor-icon svg{fill:var( --e-global-color-273a6d8 );}.elementor-510 .elementor-element.elementor-element-782e19a1 .elementor-heading-title{font-family:\"Inter\", Sans-serif;font-size:28px;font-weight:600;line-height:1.3em;color:var( --e-global-color-primary );}.elementor-510 .elementor-element.elementor-element-6cf2bd9e{color:var( --e-global-color-primary );}:root{--page-title-display:none;}@media(max-width:1024px){.elementor-510 .elementor-element.elementor-element-17292329{--padding-top:120px;--padding-bottom:120px;--padding-left:20px;--padding-right:20px;}.elementor-510 .elementor-element.elementor-element-27c8e3ea .elementor-icon-list-item > .elementor-icon-list-text, .elementor-510 .elementor-element.elementor-element-27c8e3ea .elementor-icon-list-item > a{font-size:var( --e-global-typography-cb9a934-font-size );line-height:var( --e-global-typography-cb9a934-line-height );letter-spacing:var( --e-global-typography-cb9a934-letter-spacing );word-spacing:var( --e-global-typography-cb9a934-word-spacing );}.elementor-510 .elementor-element.elementor-element-3ba72d2 .elementor-heading-title{font-size:var( --e-global-typography-ff42364-font-size );line-height:var( --e-global-typography-ff42364-line-height );letter-spacing:var( --e-global-typography-ff42364-letter-spacing );word-spacing:var( --e-global-typography-ff42364-word-spacing );}.elementor-510 .elementor-element.elementor-element-3a59ff01{--flex-wrap:wrap;}.elementor-510 .elementor-element.elementor-element-9af6d74{--padding-top:30px;--padding-bottom:30px;--padding-left:30px;--padding-right:30px;}.elementor-510 .elementor-element.elementor-element-1e1a66c3{--padding-top:30px;--padding-bottom:30px;--padding-left:30px;--padding-right:30px;}.elementor-510 .elementor-element.elementor-element-7975a4c3{--padding-top:30px;--padding-bottom:30px;--padding-left:30px;--padding-right:30px;}}@media(max-width:767px){.elementor-510 .elementor-element.elementor-element-17292329{--padding-top:120px;--padding-bottom:120px;--padding-left:20px;--padding-right:20px;}.elementor-510 .elementor-element.elementor-element-27c8e3ea .elementor-icon-list-item > .elementor-icon-list-text, .elementor-510 .elementor-element.elementor-element-27c8e3ea .elementor-icon-list-item > a{font-size:var( --e-global-typography-cb9a934-font-size );line-height:var( --e-global-typography-cb9a934-line-height );letter-spacing:var( --e-global-typography-cb9a934-letter-spacing );word-spacing:var( --e-global-typography-cb9a934-word-spacing );}.elementor-510 .elementor-element.elementor-element-3ba72d2 .elementor-heading-title{font-size:var( --e-global-typography-ff42364-font-size );line-height:var( --e-global-typography-ff42364-line-height );letter-spacing:var( --e-global-typography-ff42364-letter-spacing );word-spacing:var( --e-global-typography-ff42364-word-spacing );}}@media(min-width:768px){.elementor-510 .elementor-element.elementor-element-661fd7fc{--width:58%;}}@media(max-width:1024px) and (min-width:768px){.elementor-510 .elementor-element.elementor-element-661fd7fc{--width:100%;}.elementor-510 .elementor-element.elementor-element-1e1a66c3{--width:48.5%;}.elementor-510 .elementor-element.elementor-element-7975a4c3{--width:48.5%;}}<\/style>\t\t<div data-elementor-type=\"wp-page\" data-elementor-id=\"510\" class=\"elementor elementor-510\">\n\t\t\t\t<div class=\"elementor-element elementor-element-17292329 e-flex e-con-boxed e-con e-parent\" data-id=\"17292329\" data-element_type=\"container\" data-e-type=\"container\" data-settings=\"{&quot;background_background&quot;:&quot;classic&quot;}\">\n\t\t\t\t\t<div class=\"e-con-inner\">\n\t\t<div class=\"elementor-element elementor-element-295fccb6 e-con-full e-flex e-con e-child\" data-id=\"295fccb6\" data-element_type=\"container\" data-e-type=\"container\" data-settings=\"{&quot;background_background&quot;:&quot;gradient&quot;,&quot;position&quot;:&quot;absolute&quot;}\">\n\t\t\t\t<div class=\"elementor-element elementor-element-323940fa elementor-widget elementor-widget-spacer\" data-id=\"323940fa\" data-element_type=\"widget\" data-e-type=\"widget\" data-widget_type=\"spacer.default\">\n\t\t\t\t\t\t\t<div class=\"elementor-spacer\">\n\t\t\t<div class=\"elementor-spacer-inner\"><\/div>\n\t\t<\/div>\n\t\t\t\t\t\t<\/div>\n\t\t\t\t<\/div>\n\t\t<div class=\"elementor-element elementor-element-4b3291b5 e-con-full e-flex e-con e-child\" data-id=\"4b3291b5\" data-element_type=\"container\" data-e-type=\"container\">\n\t\t\t\t<div class=\"elementor-element elementor-element-2ffb81e8 elementor-widget elementor-widget-heading\" data-id=\"2ffb81e8\" data-element_type=\"widget\" data-e-type=\"widget\" data-widget_type=\"heading.default\">\n\t\t\t\t\t<h1 class=\"elementor-heading-title elementor-size-default\">Operations<\/h1>\t\t\t\t<\/div>\n\t\t\t\t<\/div>\n\t\t\t\t\t<\/div>\n\t\t\t\t<\/div>\n\t\t<div class=\"elementor-element elementor-element-9a587a3 e-flex e-con-boxed e-con e-parent\" data-id=\"9a587a3\" data-element_type=\"container\" data-e-type=\"container\">\n\t\t\t\t\t<div class=\"e-con-inner\">\n\t\t<div class=\"elementor-element elementor-element-661fd7fc e-con-full e-flex e-con e-child\" data-id=\"661fd7fc\" data-element_type=\"container\" data-e-type=\"container\">\n\t\t\t\t<div class=\"elementor-element elementor-element-27c8e3ea elementor-align-center elementor-icon-list--layout-traditional elementor-list-item-link-full_width elementor-widget elementor-widget-icon-list\" data-id=\"27c8e3ea\" data-element_type=\"widget\" data-e-type=\"widget\" data-widget_type=\"icon-list.default\">\n\t\t\t\t\t\t\t<ul class=\"elementor-icon-list-items\">\n\t\t\t\t\t\t\t<li class=\"elementor-icon-list-item\">\n\t\t\t\t\t\t\t\t\t\t<span class=\"elementor-icon-list-text\">Field Operations<\/span>\n\t\t\t\t\t\t\t\t\t<\/li>\n\t\t\t\t\t\t<\/ul>\n\t\t\t\t\t\t<\/div>\n\t\t\t\t<div class=\"elementor-element elementor-element-3ba72d2 elementor-widget elementor-widget-heading\" data-id=\"3ba72d2\" data-element_type=\"widget\" data-e-type=\"widget\" data-widget_type=\"heading.default\">\n\t\t\t\t\t<h2 class=\"elementor-heading-title elementor-size-default\">Effective coordination on the ground<\/h2>\t\t\t\t<\/div>\n\t\t\t\t<\/div>\n\t\t<div class=\"elementor-element elementor-element-3a59ff01 e-con-full e-flex e-con e-child\" data-id=\"3a59ff01\" data-element_type=\"container\" data-e-type=\"container\">\n\t\t<div class=\"elementor-element elementor-element-9af6d74 e-con-full e-flex e-con e-child\" data-id=\"9af6d74\" data-element_type=\"container\" data-e-type=\"container\" data-settings=\"{&quot;background_background&quot;:&quot;classic&quot;}\">\n\t\t<div class=\"elementor-element elementor-element-8b487f0 e-con-full e-flex e-con e-child\" data-id=\"8b487f0\" data-element_type=\"container\" data-e-type=\"container\">\n\t\t\t\t<div class=\"elementor-element elementor-element-1ae1e55 elementor-view-default elementor-widget elementor-widget-icon\" data-id=\"1ae1e55\" data-element_type=\"widget\" data-e-type=\"widget\" data-widget_type=\"icon.default\">\n\t\t\t\t\t\t\t<div class=\"elementor-icon-wrapper\">\n\t\t\t<div class=\"elementor-icon\">\n\t\t\t<svg class=\"ekit-svg-icon icon-van\" viewbox=\"0 0 32 32\" xmlns=\"http:\/\/www.w3.org\/2000\/svg\"><path d=\"M31.717 13.317l-3.426-6.795c-0.441-0.869-1.316-1.411-2.292-1.411h-23.428c-1.417 0-2.57 1.153-2.57 2.57v14.303c0 1.417 1.153 2.57 2.57 2.57h1.341c0.403 1.795 2.009 3.136 3.924 3.136s3.514-1.341 3.924-3.136h8.483c0.403 1.795 2.009 3.136 3.924 3.136s3.514-1.341 3.924-3.136h1.341c1.417 0 2.57-1.153 2.57-2.57v-7.507c-0.006-0.403-0.101-0.8-0.283-1.159zM22.106 6.887h3.892c0.302 0 0.573 0.17 0.705 0.435l2.96 5.863h-7.558v-6.298zM7.835 25.907c-1.241 0-2.248-1.008-2.248-2.248s1.008-2.248 2.248-2.248c1.241 0 2.248 1.008 2.248 2.248s-1.008 2.248-2.248 2.248zM24.159 25.907c-1.241 0-2.248-1.008-2.248-2.248s1.008-2.248 2.248-2.248 2.248 1.008 2.248 2.248c0 1.241-1.008 2.248-2.248 2.248zM30.211 21.983c0.006 0.428-0.346 0.787-0.787 0.787h-1.341c-0.403-1.795-2.009-3.136-3.924-3.136s-3.514 1.341-3.924 3.136h-8.477c-0.403-1.795-2.009-3.136-3.924-3.136s-3.514 1.341-3.924 3.136h-1.341c-0.435 0-0.787-0.353-0.787-0.787v-4.484h1.335c0.491 0 0.888-0.397 0.888-0.888s-0.397-0.888-0.888-0.888h-1.341v-1.782h3.552c0.491 0 0.888-0.397 0.888-0.888s-0.397-0.888-0.888-0.888h-3.552v-4.484c0-0.435 0.353-0.787 0.787-0.787h17.76v7.186c0 0.491 0.397 0.888 0.888 0.888h9v7.016z\"><\/path><\/svg>\t\t\t<\/div>\n\t\t<\/div>\n\t\t\t\t\t\t<\/div>\n\t\t\t\t<div class=\"elementor-element elementor-element-17e06306 elementor-widget elementor-widget-heading\" data-id=\"17e06306\" data-element_type=\"widget\" data-e-type=\"widget\" data-widget_type=\"heading.default\">\n\t\t\t\t\t<h4 class=\"elementor-heading-title elementor-size-default\">Worker mobility<\/h4>\t\t\t\t<\/div>\n\t\t\t\t<div class=\"elementor-element elementor-element-8ab0fbf elementor-widget elementor-widget-text-editor\" data-id=\"8ab0fbf\" data-element_type=\"widget\" data-e-type=\"widget\" data-widget_type=\"text-editor.default\">\n\t\t\t\t\t\t\t\t\t<p>Organizing and coordinating team travel to ensure they are on site at the right time.<\/p>\t\t\t\t\t\t\t\t<\/div>\n\t\t\t\t<\/div>\n\t\t\t\t<\/div>\n\t\t<div class=\"elementor-element elementor-element-1e1a66c3 e-con-full e-flex e-con e-child\" data-id=\"1e1a66c3\" data-element_type=\"container\" data-e-type=\"container\" data-settings=\"{&quot;background_background&quot;:&quot;classic&quot;}\">\n\t\t<div class=\"elementor-element elementor-element-502bfe22 e-con-full e-flex e-con e-child\" data-id=\"502bfe22\" data-element_type=\"container\" data-e-type=\"container\">\n\t\t\t\t<div class=\"elementor-element elementor-element-3d1f28e elementor-view-default elementor-widget elementor-widget-icon\" data-id=\"3d1f28e\" data-element_type=\"widget\" data-e-type=\"widget\" data-widget_type=\"icon.default\">\n\t\t\t\t\t\t\t<div class=\"elementor-icon-wrapper\">\n\t\t\t<div class=\"elementor-icon\">\n\t\t\t<svg class=\"ekit-svg-icon icon-truck-1\" viewbox=\"0 0 32 32\" xmlns=\"http:\/\/www.w3.org\/2000\/svg\"><path d=\"M25.050 8.194h-5.662v-4.231h-16.931c-0.975 0-1.756 0.781-1.756 1.756v16.344c0 0.975 0.781 1.756 1.756 1.756h2.025c-0.050 0.256-0.075 0.512-0.075 0.781 0 2.344 1.888 4.231 4.231 4.231s4.3-1.887 4.231-4.231c0-0.269-0.025-0.525-0.075-0.781h7.769c-0.050 0.256-0.075 0.512-0.075 0.781 0 2.344 1.887 4.231 4.231 4.231s4.231-1.887 4.231-4.231c0-0.269-0.025-0.525-0.075-0.781h0.656c0.975 0 1.756-0.781 1.756-1.825v-6.056l-6.238-7.744zM8.644 27.6c-1.625 0-2.994-1.369-2.994-2.994s1.369-2.994 2.994-2.994c1.694 0 2.994 1.369 2.994 2.994s-1.369 2.994-2.994 2.994zM12.331 22.519c-0.725-1.281-2.1-2.15-3.688-2.15s-2.963 0.863-3.688 2.15h-2.5c-0.263 0-0.456-0.194-0.456-0.456v-16.337c0-0.263 0.194-0.456 0.456-0.456h15.694v17.256h-5.819zM24.725 27.594c-1.625 0-2.994-1.369-2.994-2.994s1.369-2.994 2.994-2.994c1.625 0 2.994 1.369 2.994 2.994s-1.369 2.994-2.994 2.994zM30.063 21.994c0 0.262-0.262 0.519-0.519 0.519h-1.131c-0.725-1.281-2.1-2.15-3.688-2.15s-2.962 0.863-3.688 2.15h-1.587v-13.088h5.012l5.6 6.969v5.6z\"><\/path><\/svg>\t\t\t<\/div>\n\t\t<\/div>\n\t\t\t\t\t\t<\/div>\n\t\t\t\t<div class=\"elementor-element elementor-element-501a919f elementor-widget elementor-widget-heading\" data-id=\"501a919f\" data-element_type=\"widget\" data-e-type=\"widget\" data-widget_type=\"heading.default\">\n\t\t\t\t\t<h4 class=\"elementor-heading-title elementor-size-default\">Equipment transport<\/h4>\t\t\t\t<\/div>\n\t\t\t\t<div class=\"elementor-element elementor-element-74ba3292 elementor-widget elementor-widget-text-editor\" data-id=\"74ba3292\" data-element_type=\"widget\" data-e-type=\"widget\" data-widget_type=\"text-editor.default\">\n\t\t\t\t\t\t\t\t\t<p data-start=\"467\" data-end=\"598\">Logistical management of equipment required for operations, including planning and tracking of transportation.<\/p>\t\t\t\t\t\t\t\t<\/div>\n\t\t\t\t<\/div>\n\t\t\t\t<\/div>\n\t\t<div class=\"elementor-element elementor-element-7975a4c3 e-con-full e-flex e-con e-child\" data-id=\"7975a4c3\" data-element_type=\"container\" data-e-type=\"container\">\n\t\t<div class=\"elementor-element elementor-element-307619b3 e-con-full e-flex e-con e-child\" data-id=\"307619b3\" data-element_type=\"container\" data-e-type=\"container\">\n\t\t\t\t<div class=\"elementor-element elementor-element-005b1aa elementor-view-default elementor-widget elementor-widget-icon\" data-id=\"005b1aa\" data-element_type=\"widget\" data-e-type=\"widget\" data-widget_type=\"icon.default\">\n\t\t\t\t\t\t\t<div class=\"elementor-icon-wrapper\">\n\t\t\t<div class=\"elementor-icon\">\n\t\t\t<svg aria-hidden=\"true\" class=\"e-font-icon-svg e-far-eye\" viewbox=\"0 0 576 512\" xmlns=\"http:\/\/www.w3.org\/2000\/svg\"><path d=\"M288 144a110.94 110.94 0 0 0-31.24 5 55.4 55.4 0 0 1 7.24 27 56 56 0 0 1-56 56 55.4 55.4 0 0 1-27-7.24A111.71 111.71 0 1 0 288 144zm284.52 97.4C518.29 135.59 410.93 64 288 64S57.68 135.64 3.48 241.41a32.35 32.35 0 0 0 0 29.19C57.71 376.41 165.07 448 288 448s230.32-71.64 284.52-177.41a32.35 32.35 0 0 0 0-29.19zM288 400c-98.65 0-189.09-55-237.93-144C98.91 167 189.34 112 288 112s189.09 55 237.93 144C477.1 345 386.66 400 288 400z\"><\/path><\/svg>\t\t\t<\/div>\n\t\t<\/div>\n\t\t\t\t\t\t<\/div>\n\t\t\t\t<div class=\"elementor-element elementor-element-782e19a1 elementor-widget elementor-widget-heading\" data-id=\"782e19a1\" data-element_type=\"widget\" data-e-type=\"widget\" data-widget_type=\"heading.default\">\n\t\t\t\t\t<h4 class=\"elementor-heading-title elementor-size-default\">Operations Oversight<\/h4>\t\t\t\t<\/div>\n\t\t\t\t<div class=\"elementor-element elementor-element-6cf2bd9e elementor-widget elementor-widget-text-editor\" data-id=\"6cf2bd9e\" data-element_type=\"widget\" data-e-type=\"widget\" data-widget_type=\"text-editor.default\">\n\t\t\t\t\t\t\t\t\t<p data-start=\"663\" data-end=\"791\">Monitoring field activities to ensure smooth, structured execution that meets the project\u2019s requirements.<\/p>\t\t\t\t\t\t\t\t<\/div>\n\t\t\t\t<\/div>\n\t\t\t\t<\/div>\n\t\t\t\t<\/div>\n\t\t\t\t\t<\/div>\n\t\t\t\t<\/div>\n\t\t\t\t<\/div>","protected":false},"excerpt":{"rendered":"<p>Op\u00e9rations Op\u00e9rations terrain Une coordination efficace sur le terrain D\u00e9placement des travailleurs Organisation et coordination des d\u00e9placements des \u00e9quipes afin d\u2019assurer leur pr\u00e9sence sur les diff\u00e9rents sites au bon moment. Transport d\u2019\u00e9quipement Gestion logistique du mat\u00e9riel n\u00e9cessaire aux op\u00e9rations, incluant la planification et le suivi des d\u00e9placements. Supervision des op\u00e9rations Suivi des activit\u00e9s terrain afin [&hellip;]<\/p>","protected":false},"author":1,"featured_media":0,"parent":0,"menu_order":0,"comment_status":"closed","ping_status":"closed","template":"","meta":{"footnotes":""},"class_list":["post-510","page","type-page","status-publish","hentry"],"_links":{"self":[{"href":"https:\/\/xpcanada.com\/en\/wp-json\/wp\/v2\/pages\/510","targetHints":{"allow":["GET"]}}],"collection":[{"href":"https:\/\/xpcanada.com\/en\/wp-json\/wp\/v2\/pages"}],"about":[{"href":"https:\/\/xpcanada.com\/en\/wp-json\/wp\/v2\/types\/page"}],"author":[{"embeddable":true,"href":"https:\/\/xpcanada.com\/en\/wp-json\/wp\/v2\/users\/1"}],"replies":[{"embeddable":true,"href":"https:\/\/xpcanada.com\/en\/wp-json\/wp\/v2\/comments?post=510"}],"version-history":[{"count":28,"href":"https:\/\/xpcanada.com\/en\/wp-json\/wp\/v2\/pages\/510\/revisions"}],"predecessor-version":[{"id":824,"href":"https:\/\/xpcanada.com\/en\/wp-json\/wp\/v2\/pages\/510\/revisions\/824"}],"wp:attachment":[{"href":"https:\/\/xpcanada.com\/en\/wp-json\/wp\/v2\/media?parent=510"}],"curies":[{"name":"wp","href":"https:\/\/api.w.org\/{rel}","templated":true}]}}